{"id":99,"date":"2020-02-13T13:52:50","date_gmt":"2020-02-13T13:52:50","guid":{"rendered":"https:\/\/pct.pomorskie.pl\/?page_id=99"},"modified":"2020-02-26T13:33:09","modified_gmt":"2020-02-26T13:33:09","slug":"transport-ciezarowy","status":"publish","type":"page","link":"https:\/\/pct.pomorskie.pl\/index.php\/transport-ciezarowy\/","title":{"rendered":"Transport ci\u0119\u017carowy"},"content":{"rendered":"<p>[et_pb_section fb_built=&#8221;1&#8243; custom_padding_last_edited=&#8221;on|phone&#8221; admin_label=&#8221;Header&#8221; _builder_version=&#8221;4.3.2&#8243; use_background_color_gradient=&#8221;on&#8221; background_color_gradient_start=&#8221;#f6f7fa&#8221; background_color_gradient_end=&#8221;rgba(255,255,255,0)&#8221; background_color_gradient_direction=&#8221;90deg&#8221; background_color_gradient_start_position=&#8221;39%&#8221; background_color_gradient_end_position=&#8221;58%&#8221; background_color_gradient_overlays_image=&#8221;on&#8221; background_image=&#8221;https:\/\/pct.pomorskie.pl\/wp-content\/uploads\/2020\/02\/Scania-HDS.jpg&#8221; custom_margin=&#8221;|||&#8221; custom_padding=&#8221;11vw||11vw||true|false&#8221; custom_padding_tablet=&#8221;||||false|false&#8221; custom_padding_phone=&#8221;||||false|false&#8221; bottom_divider_height=&#8221;14px&#8221; bottom_divider_repeat_tablet=&#8221;14x&#8221; bottom_divider_repeat_phone=&#8221;7x&#8221; bottom_divider_repeat_last_edited=&#8221;on|phone&#8221;][et_pb_row _builder_version=&#8221;3.25&#8243;][et_pb_column type=&#8221;4_4&#8243; _builder_version=&#8221;3.25&#8243; custom_padding=&#8221;|||&#8221; custom_padding__hover=&#8221;|||&#8221;][et_pb_text _builder_version=&#8221;3.27.4&#8243; text_font=&#8221;||||||||&#8221; header_font=&#8221;Open Sans||||||||&#8221; header_font_size=&#8221;50px&#8221; header_line_height=&#8221;1.4em&#8221; header_2_font=&#8221;||||||||&#8221; header_2_text_color=&#8221;rgba(0,0,0,0.35)&#8221; header_2_font_size=&#8221;20px&#8221; header_2_line_height=&#8221;1.6em&#8221; max_width=&#8221;500px&#8221; custom_margin=&#8221;|||-69px||&#8221; animation_style=&#8221;slide&#8221; animation_direction=&#8221;bottom&#8221; header_font_size_tablet=&#8221;35px&#8221; header_font_size_phone=&#8221;25px&#8221; header_font_size_last_edited=&#8221;on|desktop&#8221;]<\/p>\n<h1>Transport ci\u0119\u017carowy<\/h1>\n<p>[\/et_pb_text][\/et_pb_column][\/et_pb_row][\/et_pb_section][et_pb_section fb_built=&#8221;1&#8243; _builder_version=&#8221;3.26.5&#8243; custom_padding=&#8221;||0px|||&#8221;][et_pb_row _builder_version=&#8221;4.3.2&#8243;][et_pb_column type=&#8221;4_4&#8243; _builder_version=&#8221;3.26.5&#8243;][et_pb_text _builder_version=&#8221;4.3.2&#8243; text_font=&#8221;Open Sans||||||||&#8221; text_text_color=&#8221;#000000&#8243; text_font_size=&#8221;16px&#8221;]<\/p>\n<p textrwdproperties=\"{&quot;rwdMode_1&quot;:{&quot;fontSize&quot;:&quot;&quot;,&quot;lineHeight&quot;:&quot;&quot;,&quot;textAlign&quot;:&quot;justify&quot;}}\"><strong>Oferujemy transport Krajowy i Mi\u0119dzynarodowy pojazdami ci\u0119\u017carowymi o \u0142adowno\u015bci od 3000 do 25000 kg.<\/strong><\/p>\n<p textrwdproperties=\"{&quot;rwdMode_1&quot;:{&quot;fontSize&quot;:&quot;&quot;,&quot;lineHeight&quot;:&quot;&quot;,&quot;textAlign&quot;:&quot;justify&quot;}}\"><span>Jednym z\u00a0 element\u00f3w naszej oferty jest spedycja krajowa i mi\u0119dzynarodowa. Ze wzgl\u0119du na miejsce naszej siedziby czyli miasto Gda\u0144sk zapewniamy transport towar\u00f3w: lokalnych firmy produkcyjnych, prywatnych zlece\u0144, oraz \u0142adunk\u00f3w przybywaj\u0105cych drog\u0105 morsk\u0105 lub lotnicz\u0105.\u00a0 W czasie naszej dzia\u0142alno\u015bci uda\u0142o nam si\u0119 zgromadzi\u0107 flot\u0119 pojazd\u00f3w z zabudow\u0105 typu firanka, wywrotka oraz pod kontener morski o r\u00f3\u017cnych wymiarach oraz \u0142adowno\u015bciach.<\/span><\/p>\n<p textrwdproperties=\"{&quot;rwdMode_1&quot;:{&quot;fontSize&quot;:&quot;&quot;,&quot;lineHeight&quot;:&quot;&quot;,&quot;textAlign&quot;:&quot;justify&quot;}}\"><span>Wszystkie nasze pojazdy zosta\u0142y wyposa\u017cone w nowoczesny i niezawodny sprz\u0119t w tym lokalizatory GPS, co przek\u0142ada si\u0119 na najwy\u017cszy poziom bezpiecze\u0144stwa oraz efektywno\u015bci realizowanych zlece\u0144. Dzi\u0119ki temu nie boimy si\u0119 podj\u0105\u0107 nawet najbardziej skomplikowanych zlece\u0144 transportowych.<\/span><\/p>\n<p textrwdproperties=\"{&quot;rwdMode_1&quot;:{&quot;fontSize&quot;:&quot;&quot;,&quot;lineHeight&quot;:&quot;&quot;,&quot;textAlign&quot;:&quot;justify&quot;}}\">\n<p textrwdproperties=\"{&quot;rwdMode_1&quot;:{&quot;fontSize&quot;:&quot;&quot;,&quot;lineHeight&quot;:&quot;&quot;,&quot;textAlign&quot;:&quot;justify&quot;}}\"><span>Wyj\u0105tkow\u0105 warto\u015bci\u0105 naszej firmy jest kapita\u0142 ludzki. Nasi pracownicycechuj\u0105 si\u0119 wysokimi kwalifikacjami, wieloletnim do\u015bwiadczeniem w bran\u017cy, odpowiedzialno\u015bci\u0105 oraz du\u017cym entuzjazmem towarzysz\u0105cym wykonywaniu codziennych obowi\u0105zk\u00f3w.<\/span><\/p>\n<p>[\/et_pb_text][\/et_pb_column][\/et_pb_row][\/et_pb_section][et_pb_section fb_built=&#8221;1&#8243; _builder_version=&#8221;3.26.5&#8243; background_color=&#8221;#f3f5fa&#8221;][et_pb_row column_structure=&#8221;1_6,1_6,1_6,1_6,1_6,1_6&#8243; use_custom_gutter=&#8221;on&#8221; gutter_width=&#8221;2&#8243; _builder_version=&#8221;4.3.2&#8243; width=&#8221;90%&#8221; max_width=&#8221;2560px&#8221;][et_pb_column type=&#8221;1_6&#8243; _builder_version=&#8221;4.3.2&#8243;][et_pb_blurb title=&#8221;Bezwzgl\u0119dne dotrzymywanie termin\u00f3w&#8221; image=&#8221;https:\/\/pct.pomorskie.pl\/wp-content\/uploads\/2020\/02\/deal.png&#8221; image_max_width=&#8221;80%&#8221; _builder_version=&#8221;4.3.2&#8243; header_font=&#8221;Open Sans||||||||&#8221; header_text_align=&#8221;center&#8221; header_font_size=&#8221;16px&#8221; header_line_height=&#8221;1.1em&#8221;][\/et_pb_blurb][\/et_pb_column][et_pb_column type=&#8221;1_6&#8243; _builder_version=&#8221;4.3.2&#8243;][et_pb_blurb title=&#8221;Transport lokalny w okolicy tr\u00f3jmiasta&#8221; image=&#8221;https:\/\/pct.pomorskie.pl\/wp-content\/uploads\/2020\/02\/place-1.png&#8221; image_max_width=&#8221;80%&#8221; _builder_version=&#8221;4.3.2&#8243; header_text_align=&#8221;center&#8221; header_font_size=&#8221;16px&#8221; header_line_height=&#8221;1.1em&#8221;][\/et_pb_blurb][\/et_pb_column][et_pb_column type=&#8221;1_6&#8243; _builder_version=&#8221;4.3.2&#8243;][et_pb_blurb title=&#8221; Ca\u0142kowite bezpiecze\u0144stwo i ubezpieczenie do 500.000 USD&#8221; image=&#8221;https:\/\/pct.pomorskie.pl\/wp-content\/uploads\/2020\/02\/shield-2.png&#8221; image_max_width=&#8221;80%&#8221; _builder_version=&#8221;4.3.2&#8243; header_text_align=&#8221;center&#8221; header_font_size=&#8221;16px&#8221; header_line_height=&#8221;1.1em&#8221;][\/et_pb_blurb][\/et_pb_column][et_pb_column type=&#8221;1_6&#8243; _builder_version=&#8221;4.3.2&#8243;][et_pb_blurb title=&#8221;Najwy\u017cszy standard obs\u0142ugi uwzgl\u0119dniaj\u0105cy Twoje potrzeby&#8221; image=&#8221;https:\/\/pct.pomorskie.pl\/wp-content\/uploads\/2020\/02\/award-1.png&#8221; image_max_width=&#8221;80%&#8221; _builder_version=&#8221;4.3.2&#8243; header_text_align=&#8221;center&#8221; header_font_size=&#8221;16px&#8221; header_line_height=&#8221;1.1em&#8221;][\/et_pb_blurb][\/et_pb_column][et_pb_column type=&#8221;1_6&#8243; _builder_version=&#8221;4.3.2&#8243;][et_pb_blurb title=&#8221;Szybkie tempo realizacji zleconych zada\u0144 na terenie Kraju do 24h&#8221; image=&#8221;https:\/\/pct.pomorskie.pl\/wp-content\/uploads\/2020\/02\/clock.png&#8221; image_max_width=&#8221;80%&#8221; _builder_version=&#8221;4.3.2&#8243; header_text_align=&#8221;center&#8221; header_font_size=&#8221;16px&#8221; header_line_height=&#8221;1.1em&#8221;][\/et_pb_blurb][\/et_pb_column][et_pb_column type=&#8221;1_6&#8243; _builder_version=&#8221;4.3.2&#8243;][et_pb_blurb title=&#8221;Kompletn\u0105 i w pe\u0142ni profesjonaln\u0105 dokumentacj\u0119 transportow\u0105&#8221; image=&#8221;https:\/\/pct.pomorskie.pl\/wp-content\/uploads\/2020\/02\/paper-1.png&#8221; image_max_width=&#8221;80%&#8221; _builder_version=&#8221;4.3.2&#8243; header_text_align=&#8221;center&#8221; header_font_size=&#8221;16px&#8221; header_line_height=&#8221;1.1em&#8221;][\/et_pb_blurb][\/et_pb_column][\/et_pb_row][\/et_pb_section][et_pb_section fb_built=&#8221;1&#8243; _builder_version=&#8221;4.3.2&#8243; custom_padding=&#8221;0px|||||&#8221;][et_pb_row _builder_version=&#8221;4.3.2&#8243;][et_pb_column type=&#8221;4_4&#8243; _builder_version=&#8221;4.3.2&#8243;][et_pb_text _builder_version=&#8221;4.3.2&#8243; text_text_color=&#8221;#000000&#8243; text_font_size=&#8221;40px&#8221; text_orientation=&#8221;center&#8221;]<\/p>\n<p>Nasza Flota<\/p>\n<p>[\/et_pb_text][\/et_pb_column][\/et_pb_row][et_pb_row column_structure=&#8221;1_4,1_4,1_4,1_4&#8243; use_custom_gutter=&#8221;on&#8221; gutter_width=&#8221;2&#8243; _builder_version=&#8221;4.3.2&#8243; width=&#8221;90%&#8221; max_width=&#8221;2003px&#8221; hover_enabled=&#8221;0&#8243;][et_pb_column type=&#8221;1_4&#8243; _builder_version=&#8221;4.3.2&#8243;][et_pb_image src=&#8221;https:\/\/pct.pomorskie.pl\/wp-content\/uploads\/2020\/02\/Scania-patelnia.jpg&#8221; _builder_version=&#8221;4.3.2&#8243; width=&#8221;84%&#8221;][\/et_pb_image][\/et_pb_column][et_pb_column type=&#8221;1_4&#8243; _builder_version=&#8221;4.3.2&#8243;][et_pb_image src=&#8221;https:\/\/pct.pomorskie.pl\/wp-content\/uploads\/2020\/02\/Scania-ko\u0144.jpg&#8221; _builder_version=&#8221;4.3.2&#8243;][\/et_pb_image][\/et_pb_column][et_pb_column _builder_version=&#8221;4.3.2&#8243; type=&#8221;1_4&#8243;][et_pb_image src=&#8221;https:\/\/pct.pomorskie.pl\/wp-content\/uploads\/2020\/02\/Scania-tandem.jpg&#8221; align=&#8221;center&#8221; _builder_version=&#8221;4.3.2&#8243; custom_margin=&#8221;11px|||||&#8221;][\/et_pb_image][\/et_pb_column][et_pb_column type=&#8221;1_4&#8243; _builder_version=&#8221;4.3.2&#8243;][et_pb_image src=&#8221;https:\/\/pct.pomorskie.pl\/wp-content\/uploads\/2020\/02\/Scania-HDS.jpg&#8221; _builder_version=&#8221;4.3.2&#8243; custom_margin=&#8221;-8px|||||&#8221; hover_enabled=&#8221;0&#8243; custom_padding=&#8221;||0px|||&#8221;][\/et_pb_image][\/et_pb_column][\/et_pb_row][et_pb_row _builder_version=&#8221;4.3.2&#8243;][et_pb_column _builder_version=&#8221;4.3.2&#8243; type=&#8221;4_4&#8243;][et_pb_button button_url=&#8221;https:\/\/pct.pomorskie.pl\/index.php\/wypozyczalnia-pojazdow\/&#8221; button_text=&#8221;Wypo\u017cyczalnia Pojazd\u00f3w Ci\u0119\u017carowych&#8221; _builder_version=&#8221;4.3.2&#8243; custom_button=&#8221;on&#8221; button_text_size=&#8221;16px&#8221; button_text_color=&#8221;#FFFFFF&#8221; button_bg_color=&#8221;#0C71C3&#8243; button_border_width=&#8221;7px&#8221; button_border_color=&#8221;rgba(0,0,0,0)&#8221; button_border_radius=&#8221;100px&#8221; button_font=&#8221;Open Sans|700|||||||&#8221; animation_style=&#8221;slide&#8221; animation_direction=&#8221;bottom&#8221; hover_enabled=&#8221;0&#8243; button_text_color_hover=&#8221;#ffffff&#8221; button_border_color_hover=&#8221;rgba(0,0,0,0)&#8221; button_border_radius_hover=&#8221;100px&#8221; button_bg_color_hover=&#8221;#0059c3&#8243; button_text_size__hover_enabled=&#8221;off&#8221; button_one_text_size__hover_enabled=&#8221;off&#8221; button_two_text_size__hover_enabled=&#8221;off&#8221; button_text_color__hover_enabled=&#8221;on&#8221; button_text_color__hover=&#8221;#ffffff&#8221; button_one_text_color__hover_enabled=&#8221;off&#8221; button_two_text_color__hover_enabled=&#8221;off&#8221; button_border_width__hover_enabled=&#8221;off&#8221; button_one_border_width__hover_enabled=&#8221;off&#8221; button_two_border_width__hover_enabled=&#8221;off&#8221; button_border_color__hover_enabled=&#8221;on&#8221; button_border_color__hover=&#8221;rgba(0,0,0,0)&#8221; button_one_border_color__hover_enabled=&#8221;off&#8221; button_two_border_color__hover_enabled=&#8221;off&#8221; button_border_radius__hover_enabled=&#8221;on&#8221; button_border_radius__hover=&#8221;100px&#8221; button_one_border_radius__hover_enabled=&#8221;off&#8221; button_two_border_radius__hover_enabled=&#8221;off&#8221; button_letter_spacing__hover_enabled=&#8221;off&#8221; button_one_letter_spacing__hover_enabled=&#8221;off&#8221; button_two_letter_spacing__hover_enabled=&#8221;off&#8221; button_bg_color__hover_enabled=&#8221;on&#8221; button_bg_color__hover=&#8221;#0059c3&#8243; button_one_bg_color__hover_enabled=&#8221;off&#8221; button_two_bg_color__hover_enabled=&#8221;off&#8221; button_alignment=&#8221;center&#8221;][\/et_pb_button][\/et_pb_column][\/et_pb_row][\/et_pb_section][et_pb_section fb_built=&#8221;1&#8243; _builder_version=&#8221;3.26.5&#8243; background_color=&#8221;#dddddd&#8221; custom_padding=&#8221;2px|||||&#8221; saved_tabs=&#8221;all&#8221; global_module=&#8221;314&#8243;][et_pb_row _builder_version=&#8221;3.26.5&#8243;][et_pb_column type=&#8221;4_4&#8243; _builder_version=&#8221;3.26.5&#8243;][dsm_text_divider header=&#8221;Skontaktuj si\u0119 z nami&#8221; color=&#8221;#0c71c3&#8243; _builder_version=&#8221;3.26.5&#8243; header_font=&#8221;Titillium Web||||||||&#8221; header_font_size=&#8221;30px&#8221;][\/dsm_text_divider][\/et_pb_column][\/et_pb_row][et_pb_row column_structure=&#8221;1_2,1_2&#8243; _builder_version=&#8221;3.26.5&#8243; width=&#8221;90%&#8221; max_width=&#8221;2560px&#8221;][et_pb_column type=&#8221;1_2&#8243; _builder_version=&#8221;3.26.5&#8243;][et_pb_text _builder_version=&#8221;3.27.4&#8243; text_font=&#8221;Titillium Web||||||||&#8221; text_text_color=&#8221;#000000&#8243; header_text_color=&#8221;#FFFFFF&#8221;]<\/p>\n<p><span style=\"color: #0c71c3; font-size: 22px;\"><strong>Pomorskie Centrum D\u017awignicowe<\/strong><\/span><\/p>\n<div id=\"element_43\" data-element-type=\"text\" class=\"ww_element\" groupid=\"footerGroupLayer_pl\" fixed=\"false\" fullwidth=\"false\" data-positionorigin=\"pageTopLeft\">\n<div id=\"element_43_content\" class=\"content text_content\">\n<div class=\"ww_text_wrapper forceLineHeight wwTextContent\">\n<h3><span style=\"color: #0c71c3;\"><strong>Podmiot o<\/strong><strong style=\"font-size: 22px;\">dpowiedzialny<\/strong><\/span><\/h3>\n<p><span style=\"font-size: 14px;\">GRUPA Pomorskie Centrum Sp. z\u00a0o.o<\/span><\/p>\n<p><span>Teren Gda\u0144skiego Parku Naukowo-Technologicznego\u00a0<\/span><\/p>\n<p><span>Budynek B\u00a0<\/span><\/p>\n<p><span>ul. Trzy Lipy 3<\/span><\/p>\n<p><span>80-172 Gda\u0144sk<\/span><\/p>\n<\/div>\n<\/div>\n<\/div>\n<div id=\"element_44\" data-element-type=\"text\" class=\"ww_element\" groupid=\"footerGroupLayer_pl\" fixed=\"false\" fullwidth=\"false\" data-positionorigin=\"pageTopLeft\">\n<div id=\"element_44_content\" class=\"content text_content\">\n<div class=\"ww_text_wrapper forceLineHeight wwTextContent\">\n<h3><strong><span><\/span><\/strong><\/h3>\n<h3><span style=\"color: #0c71c3;\"><strong>Dane firmy:<\/strong><\/span><\/h3>\n<p><span>KRS: 0000518740 REGON: 222136851 NIP: 957 107 47 17<\/span><\/p>\n<\/div>\n<\/div>\n<\/div>\n<div id=\"element_45\" data-element-type=\"googleMaps\" class=\"ww_element\" groupid=\"footerGroupLayer_pl\" fixed=\"false\" fullwidth=\"false\" data-positionorigin=\"pageTopLeft\">\n<div id=\"element_45_content\" class=\"content ww_googleMaps_content\">\n<div class=\"ww_googleMaps_element\"><strong style=\"color: #333333; font-size: 22px;\"><\/strong><\/div>\n<div class=\"ww_googleMaps_element\"><strong style=\"color: #333333; font-size: 22px;\"><\/strong><\/div>\n<div class=\"ww_googleMaps_element\"><strong style=\"color: #333333; font-size: 22px;\"><\/strong><\/div>\n<div class=\"ww_googleMaps_element\"><strong style=\"color: #333333; font-size: 22px;\"><\/strong><\/div>\n<div class=\"ww_googleMaps_element\"><strong style=\"color: #333333; font-size: 22px;\"><\/strong><\/div>\n<div class=\"ww_googleMaps_element\"><strong style=\"color: #333333; font-size: 22px;\"><\/strong><\/div>\n<div class=\"ww_googleMaps_element\"><strong style=\"color: #333333; font-size: 22px;\"><\/strong><\/div>\n<div class=\"ww_googleMaps_element\"><strong style=\"color: #333333; font-size: 22px;\"><br \/> <span style=\"color: #0c71c3;\">Ko<\/span><\/strong><span style=\"color: #0c71c3; font-size: 22px;\"><strong>ntakt<br \/> <\/strong><\/span><span style=\"font-size: 14px;\">Infolinia: <a href=\"tel:583804446\" class=\"custom_link\"><span>58 380 44 46<\/span><\/a><span>\u00a0<\/span><\/span><strong style=\"font-size: 14px;\">\u00a0<\/strong><span style=\"font-size: 14px;\">E-mail:<\/span><a href=\"mailto:%20grupa@pomorskiecentrum.eu\" class=\"custom_link\" style=\"font-size: 14px;\">\u00a0<strong>grupa@pomorskiecentrum.eu<\/strong><\/a><\/div>\n<\/div>\n<\/div>\n<div id=\"element_46\" data-element-type=\"text\" class=\"ww_element\" groupid=\"footerGroupLayer_pl\" fixed=\"false\" fullwidth=\"false\" data-positionorigin=\"pageTopLeft\">\n<div id=\"element_46_content\" class=\"content text_content\">\n<div class=\"ww_text_wrapper forceLineHeight wwTextContent\">\n<p>&nbsp;<\/p>\n<p><span>Copyright \u00a9 2019 GRUPA Pomorskie Centrum Sp\u00f3\u0142ka z o.o.<\/span><\/p>\n<\/div>\n<\/div>\n<\/div>\n<p>[\/et_pb_text][\/et_pb_column][et_pb_column type=&#8221;1_2&#8243; _builder_version=&#8221;3.26.5&#8243;][et_pb_map _builder_version=&#8221;3.26.5&#8243;][\/et_pb_map][\/et_pb_column][\/et_pb_row][\/et_pb_section]<\/p>\n","protected":false},"excerpt":{"rendered":"<p>[et_pb_section fb_built=&#8221;1&#8243; custom_padding_last_edited=&#8221;on|phone&#8221; admin_label=&#8221;Header&#8221; _builder_version=&#8221;4.3.2&#8243; use_background_color_gradient=&#8221;on&#8221; background_color_gradient_start=&#8221;#f6f7fa&#8221; background_color_gradient_end=&#8221;rgba(255,255,255,0)&#8221; background_color_gradient_direction=&#8221;90deg&#8221; background_color_gradient_start_position=&#8221;39%&#8221; background_color_gradient_end_position=&#8221;58%&#8221; background_color_gradient_overlays_image=&#8221;on&#8221; background_image=&#8221;https:\/\/pct.pomorskie.pl\/wp-content\/uploads\/2020\/02\/Scania-HDS.jpg&#8221; custom_margin=&#8221;|||&#8221; custom_padding=&#8221;11vw||11vw||true|false&#8221; custom_padding_tablet=&#8221;||||false|false&#8221; custom_padding_phone=&#8221;||||false|false&#8221; bottom_divider_height=&#8221;14px&#8221; bottom_divider_repeat_tablet=&#8221;14x&#8221; bottom_divider_repeat_phone=&#8221;7x&#8221; bottom_divider_repeat_last_edited=&#8221;on|phone&#8221;][et_pb_row _builder_version=&#8221;3.25&#8243;][et_pb_column type=&#8221;4_4&#8243; _builder_version=&#8221;3.25&#8243; custom_padding=&#8221;|||&#8221; custom_padding__hover=&#8221;|||&#8221;][et_pb_text _builder_version=&#8221;3.27.4&#8243; text_font=&#8221;||||||||&#8221; header_font=&#8221;Open Sans||||||||&#8221; header_font_size=&#8221;50px&#8221; header_line_height=&#8221;1.4em&#8221; header_2_font=&#8221;||||||||&#8221; header_2_text_color=&#8221;rgba(0,0,0,0.35)&#8221; header_2_font_size=&#8221;20px&#8221; header_2_line_height=&#8221;1.6em&#8221; max_width=&#8221;500px&#8221; custom_margin=&#8221;|||-69px||&#8221; animation_style=&#8221;slide&#8221; animation_direction=&#8221;bottom&#8221; header_font_size_tablet=&#8221;35px&#8221; header_font_size_phone=&#8221;25px&#8221; header_font_size_last_edited=&#8221;on|desktop&#8221;] Transport ci\u0119\u017carowy [\/et_pb_text][\/et_pb_column][\/et_pb_row][\/et_pb_section][et_pb_section fb_built=&#8221;1&#8243; _builder_version=&#8221;3.26.5&#8243; custom_padding=&#8221;||0px|||&#8221;][et_pb_row _builder_version=&#8221;4.3.2&#8243;][et_pb_column type=&#8221;4_4&#8243; _builder_version=&#8221;3.26.5&#8243;][et_pb_text _builder_version=&#8221;4.3.2&#8243; text_font=&#8221;Open Sans||||||||&#8221; [&hellip;]<\/p>\n","protected":false},"author":1,"featured_media":0,"parent":0,"menu_order":0,"comment_status":"closed","ping_status":"closed","template":"","meta":{"_et_pb_use_builder":"on","_et_pb_old_content":"<!-- wp:divi\/placeholder \/-->","_et_gb_content_width":""},"_links":{"self":[{"href":"https:\/\/pct.pomorskie.pl\/index.php\/wp-json\/wp\/v2\/pages\/99"}],"collection":[{"href":"https:\/\/pct.pomorskie.pl\/index.php\/wp-json\/wp\/v2\/pages"}],"about":[{"href":"https:\/\/pct.pomorskie.pl\/index.php\/wp-json\/wp\/v2\/types\/page"}],"author":[{"embeddable":true,"href":"https:\/\/pct.pomorskie.pl\/index.php\/wp-json\/wp\/v2\/users\/1"}],"replies":[{"embeddable":true,"href":"https:\/\/pct.pomorskie.pl\/index.php\/wp-json\/wp\/v2\/comments?post=99"}],"version-history":[{"count":8,"href":"https:\/\/pct.pomorskie.pl\/index.php\/wp-json\/wp\/v2\/pages\/99\/revisions"}],"predecessor-version":[{"id":351,"href":"https:\/\/pct.pomorskie.pl\/index.php\/wp-json\/wp\/v2\/pages\/99\/revisions\/351"}],"wp:attachment":[{"href":"https:\/\/pct.pomorskie.pl\/index.php\/wp-json\/wp\/v2\/media?parent=99"}],"curies":[{"name":"wp","href":"https:\/\/api.w.org\/{rel}","templated":true}]}}